{"id":314,"date":"2024-07-17T17:34:30","date_gmt":"2024-07-17T15:34:30","guid":{"rendered":"https:\/\/wiprag.cz\/hlavni-strana\/"},"modified":"2024-08-01T17:45:01","modified_gmt":"2024-08-01T15:45:01","slug":"home","status":"publish","type":"page","link":"https:\/\/wiprag.cz\/de\/","title":{"rendered":"Home"},"content":{"rendered":"<h2>WIPRAG spol. s r.o.<\/h2>\n<p>Als Baugesellschaft sind wir in Prag <strong>seit 2003 aktiv.<\/strong><\/p>\n<p>Wir spezialisieren uns auf <strong>Rekonstruktionsarbeiten im Mietswohnen-Bereich<\/strong> \u2013 von Singelwohnung- bis Mietshausrenovierung. Wir bauen auf Vertrauen und Verl\u00e4sslichkeit. Zu unseren gr\u00f6\u00dften Kunden geh\u00f6ren renommierte Hausverwaltungen und Mietshaus- und Einzelwohnungsbesitzer.<\/p>\n<p><a href=\"https:\/\/wiprag.cz\/wp-content\/uploads\/2024\/07\/wiprag_sidlo.jpg\"><img loading=\"lazy\" decoding=\"async\" class=\"alignright wp-image-33\" src=\"https:\/\/wiprag.cz\/wp-content\/uploads\/2024\/07\/wiprag_sidlo-300x225.jpg\" alt=\"\" width=\"500\" height=\"375\" srcset=\"https:\/\/wiprag.cz\/wp-content\/uploads\/2024\/07\/wiprag_sidlo-300x225.jpg 300w, https:\/\/wiprag.cz\/wp-content\/uploads\/2024\/07\/wiprag_sidlo-768x576.jpg 768w, https:\/\/wiprag.cz\/wp-content\/uploads\/2024\/07\/wiprag_sidlo.jpg 800w\" sizes=\"auto, (max-width: 500px) 100vw, 500px\" \/><\/a>Wir verf\u00fcgen \u00fcber kompetente Mitarbeiter, jeder einzelne haftet namentlich f\u00fcr geleistete Arbeit. Das <strong>ausgezeichnete Preis\/Leistung-Verh\u00e4ltnis<\/strong> k\u00f6nnen wir auf ganzer Reihe von Referenzbauten (<a href=\"https:\/\/wiprag.cz\/de\/referenzen\/\">siehe Fotogalerie<\/a>) pr\u00e4sentieren. Wir freuen uns auf Kontakt mit jedem potentiellen Kunden und auf k\u00fcnftige gemeinsame Realisierung von Bauvorhaben.  <\/p>\n<p><strong>Unsere Leistungen:<\/strong><br \/>\n* Maurer- und Fliesenlegerarbeiten<br \/>\n* Maler- und Lackiererarbeiten<br \/>\n* Wasser- und Heizungsinstallationen<br \/>\n* Elektroinstallationen<\/p>\n<p>Wir arbeiten mit renommierten Projektierungsb\u00fcros und Spitzenlieferenten von Materialien und Einrichtungsgegenst\u00e4nden zusammen. <\/p>\n","protected":false},"excerpt":{"rendered":"<p>WIPRAG spol. s r.o. Als Baugesellschaft sind wir in Prag seit 2003 aktiv. Wir spezialisieren uns auf Rekonstruktionsarbeiten im Mietswohnen-Bereich \u2013 von Singelwohnung- bis Mietshausrenovierung. Wir bauen auf Vertrauen und Verl\u00e4sslichkeit. Zu unseren gr\u00f6\u00dften Kunden geh\u00f6ren renommierte Hausverwaltungen und Mietshaus- und Einzelwohnungsbesitzer. Wir verf\u00fcgen \u00fcber kompetente Mitarbeiter, jeder einzelne haftet namentlich f\u00fcr geleistete Arbeit. Das <\/p>\n","protected":false},"author":1,"featured_media":0,"parent":0,"menu_order":0,"comment_status":"closed","ping_status":"closed","template":"page-home.php","meta":{"footnotes":""},"class_list":["post-314","page","type-page","status-publish","hentry"],"aioseo_notices":[],"_links":{"self":[{"href":"https:\/\/wiprag.cz\/de\/wp-json\/wp\/v2\/pages\/314","targetHints":{"allow":["GET"]}}],"collection":[{"href":"https:\/\/wiprag.cz\/de\/wp-json\/wp\/v2\/pages"}],"about":[{"href":"https:\/\/wiprag.cz\/de\/wp-json\/wp\/v2\/types\/page"}],"author":[{"embeddable":true,"href":"https:\/\/wiprag.cz\/de\/wp-json\/wp\/v2\/users\/1"}],"replies":[{"embeddable":true,"href":"https:\/\/wiprag.cz\/de\/wp-json\/wp\/v2\/comments?post=314"}],"version-history":[{"count":5,"href":"https:\/\/wiprag.cz\/de\/wp-json\/wp\/v2\/pages\/314\/revisions"}],"predecessor-version":[{"id":335,"href":"https:\/\/wiprag.cz\/de\/wp-json\/wp\/v2\/pages\/314\/revisions\/335"}],"wp:attachment":[{"href":"https:\/\/wiprag.cz\/de\/wp-json\/wp\/v2\/media?parent=314"}],"curies":[{"name":"wp","href":"https:\/\/api.w.org\/{rel}","templated":true}]}}