{"id":300,"date":"2024-07-17T17:38:03","date_gmt":"2024-07-17T15:38:03","guid":{"rendered":"https:\/\/wiprag.cz\/kontakt\/"},"modified":"2024-07-30T17:14:00","modified_gmt":"2024-07-30T15:14:00","slug":"kontakt","status":"publish","type":"page","link":"https:\/\/wiprag.cz\/de\/kontakt\/","title":{"rendered":"Kontakt"},"content":{"rendered":"\n<h2 class=\"wp-block-heading\">Kontaktdaten von WIPRAG spol. s.r.o.<\/h2>\n\n\n\n<div class=\"wp-block-columns is-layout-flex wp-container-core-columns-is-layout-9d6595d7 wp-block-columns-is-layout-flex\">\n<div class=\"wp-block-column is-layout-flow wp-block-column-is-layout-flow\">\n<p><strong>Hauptquartier:<\/strong><br>Pivovarsk\u00e1 3\/598<br>150 00 Prag 5<\/p>\n\n\n\n<p>Tel: <a href=\"tel:+420776401862\">776 401 862<\/a><br>Email: <a href=\"mailto:wiprag.soukup@seznam.cz\">wiprag@wiprag.cz<\/a><\/p>\n\n\n\n<p>Reg.Nr: 27097447<br>Steur.-Reg.-Nr.: CZ27097447<\/p>\n\n\n\n<p style=\"font-size:16px\">WIPRAG spol. s r.o.<br>Spisov\u00e1 zna\u010dka: C 96026 veden\u00e1 u M\u011bstsk\u00e9ho soudu v Praze. <br>Den z\u00e1pisu: 3. listopadu 2003<\/p>\n<\/div>\n\n\n\n<div class=\"wp-block-column is-layout-flow wp-block-column-is-layout-flow\"><div class=\"frm_forms  with_frm_style frm_style_formidable-style\" id=\"frm_form_2_container\" data-token=\"a67b4247989ac16f356574709e08d272\">\n<form enctype=\"multipart\/form-data\" method=\"post\" class=\"frm-show-form \" id=\"form_contact-form2\" data-token=\"a67b4247989ac16f356574709e08d272\">\n<div class=\"frm_form_fields \">\n<fieldset>\n<legend class=\"frm_screen_reader\">Kontaktujte n\u00e1s DE<\/legend>\r\n\r\n<div class=\"frm_fields_container\">\n<input type=\"hidden\" name=\"frm_action\" value=\"create\" \/>\n<input type=\"hidden\" name=\"form_id\" value=\"2\" \/>\n<input type=\"hidden\" name=\"frm_hide_fields_2\" id=\"frm_hide_fields_2\" value=\"\" \/>\n<input type=\"hidden\" name=\"form_key\" value=\"contact-form2\" \/>\n<input type=\"hidden\" name=\"item_meta[0]\" value=\"\" \/>\n<input type=\"hidden\" id=\"frm_submit_entry_2\" name=\"frm_submit_entry_2\" value=\"c858af7229\" \/><input type=\"hidden\" name=\"_wp_http_referer\" value=\"\/de\/wp-json\/wp\/v2\/pages\/300\" \/><div id=\"frm_field_7_container\" class=\"frm_form_field form-field  frm_required_field frm_top_container frm12 frm_first\">\r\n\t<label for=\"field_qh4icy2\" id=\"field_qh4icy2_label\" class=\"frm_primary_label\">Ihre Name\r\n\t\t<span class=\"frm_required\" aria-hidden=\"true\">*<\/span>\r\n\t<\/label>\r\n\t<input type=\"text\" id=\"field_qh4icy2\" name=\"item_meta[7]\" value=\"\"  data-reqmsg=\"Ihre Name cannot be blank.\" aria-required=\"true\" data-invmsg=\"Ihre Name is invalid\" aria-invalid=\"false\"  \/>\r\n\t\r\n\t\r\n<\/div>\n<div id=\"frm_field_8_container\" class=\"frm_form_field form-field  frm_required_field frm_top_container frm_full\">\r\n\t<label for=\"field_29yf4d2\" id=\"field_29yf4d2_label\" class=\"frm_primary_label\">Ihr E-mail\r\n\t\t<span class=\"frm_required\" aria-hidden=\"true\">*<\/span>\r\n\t<\/label>\r\n\t<input type=\"email\" id=\"field_29yf4d2\" name=\"item_meta[8]\" value=\"\"  data-reqmsg=\"Ihr E-mail cannot be blank.\" aria-required=\"true\" data-invmsg=\"Please enter a valid email address\" aria-invalid=\"false\"  \/>\r\n\t\r\n\t\r\n<\/div>\n<div id=\"frm_field_9_container\" class=\"frm_form_field form-field  frm_top_container frm_full\">\r\n\t<label for=\"field_9jv0r12\" id=\"field_9jv0r12_label\" class=\"frm_primary_label\">Ihr Nachricht\r\n\t\t<span class=\"frm_required\" aria-hidden=\"true\"><\/span>\r\n\t<\/label>\r\n\t<textarea name=\"item_meta[9]\" id=\"field_9jv0r12\" rows=\"5\"  data-invmsg=\"Ihr Nachricht ist ung\u00fcltig\" aria-invalid=\"false\"  ><\/textarea>\r\n\t\r\n\t\r\n<\/div>\n<div id=\"frm_field_11_container\" class=\"frm_form_field form-field  frm_none_container\">\n\t<label for=\"g-recaptcha-response\" id=\"field_yw4dl_label\" class=\"frm_primary_label\">Captcha\n\t\t<span class=\"frm_required\" aria-hidden=\"true\"><\/span>\n\t<\/label>\n\t<div  id=\"field_yw4dl\" class=\"frm-g-recaptcha\" data-sitekey=\"6LcGNAEsAAAAAKpJjf-THxxCMPDDY2d5dc6KxX12\" data-size=\"invisible\" data-theme=\"light\"><\/div>\n\t\n\t\n<\/div>\n<div id=\"frm_field_10_container\" class=\"frm_form_field form-field \">\r\n\t<div class=\"frm_submit frm_flex\">\r\n<button class=\"frm_button_submit\" type=\"submit\"  >Send<\/button>\r\n\r\n\r\n\r\n<\/div>\r\n<\/div>\n\t<input type=\"hidden\" name=\"item_key\" value=\"\" \/>\n\t<\/div>\n<\/fieldset>\n<\/div>\n\n<\/form>\n<\/div>\n<\/div>\n<\/div>\n\n\n\n<p><iframe loading=\"lazy\" style=\"border:none\" src=\"https:\/\/frame.mapy.cz\/s\/cafalecoze\" width=\"100%\" height=\"400\" frameborder=\"0\"><\/iframe><\/p>\n","protected":false},"excerpt":{"rendered":"<p>Kontaktdaten von WIPRAG spol. s.r.o. Hauptquartier:Pivovarsk\u00e1 3\/598150 00 Prag 5 Tel: 776 401 862Email: wiprag@wiprag.cz Reg.Nr: 27097447Steur.-Reg.-Nr.: CZ27097447 WIPRAG spol. s r.o.Spisov\u00e1 zna\u010dka: C 96026 veden\u00e1 u M\u011bstsk\u00e9ho soudu v Praze. Den z\u00e1pisu: 3. listopadu 2003<\/p>\n","protected":false},"author":1,"featured_media":0,"parent":0,"menu_order":100,"comment_status":"closed","ping_status":"closed","template":"","meta":{"footnotes":""},"class_list":["post-300","page","type-page","status-publish","hentry"],"aioseo_notices":[],"_links":{"self":[{"href":"https:\/\/wiprag.cz\/de\/wp-json\/wp\/v2\/pages\/300","targetHints":{"allow":["GET"]}}],"collection":[{"href":"https:\/\/wiprag.cz\/de\/wp-json\/wp\/v2\/pages"}],"about":[{"href":"https:\/\/wiprag.cz\/de\/wp-json\/wp\/v2\/types\/page"}],"author":[{"embeddable":true,"href":"https:\/\/wiprag.cz\/de\/wp-json\/wp\/v2\/users\/1"}],"replies":[{"embeddable":true,"href":"https:\/\/wiprag.cz\/de\/wp-json\/wp\/v2\/comments?post=300"}],"version-history":[{"count":4,"href":"https:\/\/wiprag.cz\/de\/wp-json\/wp\/v2\/pages\/300\/revisions"}],"predecessor-version":[{"id":313,"href":"https:\/\/wiprag.cz\/de\/wp-json\/wp\/v2\/pages\/300\/revisions\/313"}],"wp:attachment":[{"href":"https:\/\/wiprag.cz\/de\/wp-json\/wp\/v2\/media?parent=300"}],"curies":[{"name":"wp","href":"https:\/\/api.w.org\/{rel}","templated":true}]}}